{"id":16409,"date":"2023-01-12T09:25:42","date_gmt":"2023-01-12T09:25:42","guid":{"rendered":"https:\/\/wptf.themepul.co\/calfin\/?page_id=8"},"modified":"2025-10-15T13:24:56","modified_gmt":"2025-10-15T13:24:56","slug":"home","status":"publish","type":"page","link":"https:\/\/ccmercosur.com.pa\/pt\/","title":{"rendered":"Bienvenidos"},"content":{"rendered":"<div data-elementor-type=\"wp-page\" data-elementor-id=\"16409\" class=\"elementor elementor-16409\" data-elementor-post-type=\"page\">\n\t\t\t\t\t\t<section class=\"elementor-section elementor-top-section elementor-element elementor-element-a6755f9 elementor-section-boxed elementor-section-height-default elementor-section-height-default\" data-id=\"a6755f9\" data-element_type=\"section\">\n\t\t\t\t\t\t<div class=\"elementor-container elementor-column-gap-no\">\n\t\t\t\t\t<div class=\"elementor-column elementor-col-100 elementor-top-column elementor-element elementor-element-ef71139\" data-id=\"ef71139\" data-element_type=\"column\">\n\t\t\t<div class=\"elementor-widget-wrap elementor-element-populated\">\n\t\t\t\t\t\t<div class=\"elementor-element elementor-element-d096ab2 elementor-widget elementor-widget-calfin_services\" data-id=\"d096ab2\" data-element_type=\"widget\" data-widget_type=\"calfin_services.default\">\n\t\t\t\t<div class=\"elementor-widget-container\">\n\t\t\t\t\t        <div class=\"service-wrapper\">\r\n            <div class=\"container\">\r\n                <div class=\"row justify-content-center\">\r\n                                <div class=\"col-xl-3 col-lg-6 col-md-6 col-12\">\r\n                            <div class=\"box-inner\">\r\n                                <div class=\"service-icon\">\r\n                                    <i aria-hidden=\"true\" class=\"flaticon flaticon-network\"><\/i>                                <\/div>\r\n                                <div class=\"text-area\">\r\n                                    <div class=\"iconbox-title\">\r\n                                        <h2 class=\"services-title\"> \r\n                                                                                    <a href=\"\"  target=\"_blank\" rel=\"nofollow\">                                            Networking                                            <\/a>                                        <\/h2>\r\n                                    <\/div> \r\n                                    <div class=\"services-txt\">\r\n                                        Generamos espacios exclusivos para establecer v\u00ednculos con l\u00edderes empresariales, organismos internacionales y actores clave.                                    <\/div>    \r\n                                <\/div>\r\n                                                                    <div class=\"services-button\">\r\n                                        <a class=\"services-btn\" href=\"\"  target=\"_blank\" rel=\"nofollow\">\r\n                                            <i aria-hidden=\"true\" class=\"ico ico-arrow-right\"><\/i>                                        <\/a>\r\n                                    <\/div>\r\n                                                            <\/div>\r\n                        \r\n                    <\/div>\r\n                                    <div class=\"col-xl-3 col-lg-6 col-md-6 col-12\">\r\n                            <div class=\"box-inner\">\r\n                                <div class=\"service-icon\">\r\n                                    <i aria-hidden=\"true\" class=\"flaticon flaticon-cloud-servers\"><\/i>                                <\/div>\r\n                                <div class=\"text-area\">\r\n                                    <div class=\"iconbox-title\">\r\n                                        <h2 class=\"services-title\"> \r\n                                                                                    <a href=\"\"  target=\"_blank\" rel=\"nofollow\">                                            Promoci\u00f3n y Marketing                                            <\/a>                                        <\/h2>\r\n                                    <\/div> \r\n                                    <div class=\"services-txt\">\r\n                                        Posicionamos a las organizaciones en medios estrat\u00e9gicos, plataformas internacionales y eventos comerciales de alto nivel.                                    <\/div>    \r\n                                <\/div>\r\n                                                                    <div class=\"services-button\">\r\n                                        <a class=\"services-btn\" href=\"\"  target=\"_blank\" rel=\"nofollow\">\r\n                                            <i aria-hidden=\"true\" class=\"ico ico-arrow-right\"><\/i>                                        <\/a>\r\n                                    <\/div>\r\n                                                            <\/div>\r\n                        \r\n                    <\/div>\r\n                                    <div class=\"col-xl-3 col-lg-6 col-md-6 col-12\">\r\n                            <div class=\"box-inner\">\r\n                                <div class=\"service-icon\">\r\n                                    <i aria-hidden=\"true\" class=\"flaticon flaticon-cloud-computing-1\"><\/i>                                <\/div>\r\n                                <div class=\"text-area\">\r\n                                    <div class=\"iconbox-title\">\r\n                                        <h2 class=\"services-title\"> \r\n                                                                                    <a href=\"\"  target=\"_blank\" rel=\"nofollow\">                                            Sistemas Digitales                                            <\/a>                                        <\/h2>\r\n                                    <\/div> \r\n                                    <div class=\"services-txt\">\r\n                                        Brindamos acceso a herramientas tecnol\u00f3gicas, programas de formaci\u00f3n ejecutiva y certificaciones internacionales.                                    <\/div>    \r\n                                <\/div>\r\n                                                                    <div class=\"services-button\">\r\n                                        <a class=\"services-btn\" href=\"\"  target=\"_blank\" rel=\"nofollow\">\r\n                                            <i aria-hidden=\"true\" class=\"ico ico-arrow-right\"><\/i>                                        <\/a>\r\n                                    <\/div>\r\n                                                            <\/div>\r\n                        \r\n                    <\/div>\r\n                                    <div class=\"col-xl-3 col-lg-6 col-md-6 col-12\">\r\n                            <div class=\"box-inner\">\r\n                                <div class=\"service-icon\">\r\n                                    <i aria-hidden=\"true\" class=\"ico ico-globe2\"><\/i>                                <\/div>\r\n                                <div class=\"text-area\">\r\n                                    <div class=\"iconbox-title\">\r\n                                        <h2 class=\"services-title\"> \r\n                                                                                    <a href=\"\"  target=\"_blank\" rel=\"nofollow\">                                            Expertise Global                                            <\/a>                                        <\/h2>\r\n                                    <\/div> \r\n                                    <div class=\"services-txt\">\r\n                                        Aportamos experiencia y visi\u00f3n estrat\u00e9gica para acompa\u00f1ar a las empresas en su expansi\u00f3n, adaptaci\u00f3n y alcance global.                                    <\/div>    \r\n                                <\/div>\r\n                                                                    <div class=\"services-button\">\r\n                                        <a class=\"services-btn\" href=\"\"  target=\"_blank\" rel=\"nofollow\">\r\n                                            <i aria-hidden=\"true\" class=\"ico ico-arrow-right\"><\/i>                                        <\/a>\r\n                                    <\/div>\r\n                                                            <\/div>\r\n                        \r\n                    <\/div>\r\n                                    <\/div>\r\n            <\/div>\r\n        <\/div>\r\n        \t\t\t\t<\/div>\n\t\t\t\t<\/div>\n\t\t\t\t\t<\/div>\n\t\t<\/div>\n\t\t\t\t\t<\/div>\n\t\t<\/section>\n\t\t<div class=\"elementor-element elementor-element-77d23a7 e-con-full e-flex e-con e-parent\" data-id=\"77d23a7\" data-element_type=\"container\">\n\t\t<div class=\"elementor-element elementor-element-e88d7e0 e-con-full e-flex e-con e-child\" data-id=\"e88d7e0\" data-element_type=\"container\">\n\t\t\t\t<div class=\"elementor-element elementor-element-3221f99 elementor-widget elementor-widget-calfin_title\" data-id=\"3221f99\" data-element_type=\"widget\" data-widget_type=\"calfin_title.default\">\n\t\t\t\t<div class=\"elementor-widget-container\">\n\t\t\t\t\t        <div class=\"calfin-section-title-wrapper\">\n            <div class=\"calfin_title_item\">\n                <div class=\"calfin-section-title\">\n                    <h6 class=\"calfin-section-stitle\">\n                        <span>DESDE PANAM\u00c1 HACIA EL MUNDO<\/span><\/h6>                    <h2 class=\"calfin-t-title\">\n                        Conquista Nuevos\nMercados                        <span class=\"highlight-heading\"><\/span>\n                    <\/h2>\n                <\/div>\n                            <\/div>\n        <\/div>\n        \t\t\t\t<\/div>\n\t\t\t\t<\/div>\n\t\t\t\t<div class=\"elementor-element elementor-element-f94e234 elementor-widget elementor-widget-text-editor\" data-id=\"f94e234\" data-element_type=\"widget\" data-widget_type=\"text-editor.default\">\n\t\t\t\t<div class=\"elementor-widget-container\">\n\t\t\t\t\t\t\t\t\t<p class=\"\" data-start=\"168\" data-end=\"442\">La Filial de Panam\u00e1 es un punto clave para fortalecer el comercio internacional, fomentar la inversi\u00f3n extranjera y potenciar el intercambio econ\u00f3mico entre Panam\u00e1 y los pa\u00edses del Mercosur. Nuestra misi\u00f3n es posicionar a Panam\u00e1 como un centro estrat\u00e9gico de desarrollo empresarial con alcance global.<\/p><p class=\"\" data-start=\"444\" data-end=\"617\">Servimos como un enlace estrat\u00e9gico para compa\u00f1\u00edas que buscan crecer en mercados internacionales, brindando servicios de apoyo empresarial, acceso a redes comerciales y oportunidades para establecer alianzas estrat\u00e9gicas. Nuestro compromiso es <strong>promover la integraci\u00f3n econ\u00f3mica y generar un ecosistema de negocios din\u00e1mico y sostenible para nuestros miembros y sus proyectos.<\/strong><\/p>\t\t\t\t\t\t\t\t<\/div>\n\t\t\t\t<\/div>\n\t\t\t\t<div class=\"elementor-element elementor-element-3f60d4b elementor-widget elementor-widget-calfin_button\" data-id=\"3f60d4b\" data-element_type=\"widget\" data-widget_type=\"calfin_button.default\">\n\t\t\t\t<div class=\"elementor-widget-container\">\n\t\t\t\t\t        <div class=\"calfin-button-wrapper\">\n            <div class=\"calfin-button\">\n                                <a  href=\"#contacto\" target=\"_blank\" rel=\"nofollow\" class=\"theme-btns\">Cont\u00e1ctanos<\/a>\n            <\/div>\n        <\/div>\n        \t\t\t\t<\/div>\n\t\t\t\t<\/div>\n\t\t\t\t<\/div>\n\t\t<div class=\"elementor-element elementor-element-40881ce e-con-full e-flex e-con e-child\" data-id=\"40881ce\" data-element_type=\"container\" data-settings=\"{&quot;background_background&quot;:&quot;classic&quot;}\">\n\t\t\t\t<\/div>\n\t\t\t\t<\/div>\n\t\t<div class=\"elementor-element elementor-element-c288f2f e-con-full e-flex e-con e-parent\" data-id=\"c288f2f\" data-element_type=\"container\">\n\t\t<div class=\"elementor-element elementor-element-156d135 e-con-full e-flex e-con e-child\" data-id=\"156d135\" data-element_type=\"container\" data-settings=\"{&quot;background_background&quot;:&quot;classic&quot;}\">\n\t\t\t\t<\/div>\n\t\t<div class=\"elementor-element elementor-element-675506c e-con-full e-flex e-con e-child\" data-id=\"675506c\" data-element_type=\"container\">\n\t\t\t\t<div class=\"elementor-element elementor-element-6781cfd elementor-widget elementor-widget-heading\" data-id=\"6781cfd\" data-element_type=\"widget\" data-widget_type=\"heading.default\">\n\t\t\t\t<div class=\"elementor-widget-container\">\n\t\t\t\t\t<h6 class=\"elementor-heading-title elementor-size-default\">NETWORKING Y COMERCIO INTERNACIONAL<\/h6>\t\t\t\t<\/div>\n\t\t\t\t<\/div>\n\t\t\t\t<div class=\"elementor-element elementor-element-ac4e7ee elementor-position-left elementor-view-default elementor-mobile-position-top elementor-widget elementor-widget-icon-box\" data-id=\"ac4e7ee\" data-element_type=\"widget\" data-widget_type=\"icon-box.default\">\n\t\t\t\t<div class=\"elementor-widget-container\">\n\t\t\t\t\t\t\t<div class=\"elementor-icon-box-wrapper\">\n\n\t\t\t\t\t\t<div class=\"elementor-icon-box-icon\">\n\t\t\t\t<span  class=\"elementor-icon\">\n\t\t\t\t<i aria-hidden=\"true\" class=\"fas fa-globe-americas\"><\/i>\t\t\t\t<\/span>\n\t\t\t<\/div>\n\t\t\t\n\t\t\t\t\t\t<div class=\"elementor-icon-box-content\">\n\n\t\t\t\t\t\t\t\t\t<h6 class=\"elementor-icon-box-title\">\n\t\t\t\t\t\t<span  >\n\t\t\t\t\t\t\tLa Filial de Panam\u00e1 es un nodo estrat\u00e9gico en el coraz\u00f3n de las Am\u00e9ricas, dise\u00f1ado para potenciar las relaciones comerciales, facilitar inversiones inteligentes y promover el intercambio econ\u00f3mico entre Panam\u00e1, Centroam\u00e9rica y el resto del mundo.\t\t\t\t\t\t<\/span>\n\t\t\t\t\t<\/h6>\n\t\t\t\t\n\t\t\t\t\n\t\t\t<\/div>\n\t\t\t\n\t\t<\/div>\n\t\t\t\t\t\t<\/div>\n\t\t\t\t<\/div>\n\t\t\t\t<div class=\"elementor-element elementor-element-d3fb216 elementor-widget-divider--view-line elementor-widget elementor-widget-divider\" data-id=\"d3fb216\" data-element_type=\"widget\" data-widget_type=\"divider.default\">\n\t\t\t\t<div class=\"elementor-widget-container\">\n\t\t\t\t\t\t\t<div class=\"elementor-divider\">\n\t\t\t<span class=\"elementor-divider-separator\">\n\t\t\t\t\t\t<\/span>\n\t\t<\/div>\n\t\t\t\t\t\t<\/div>\n\t\t\t\t<\/div>\n\t\t\t\t<div class=\"elementor-element elementor-element-2b9aa90 elementor-icon-list--layout-traditional elementor-list-item-link-full_width elementor-widget elementor-widget-icon-list\" data-id=\"2b9aa90\" data-element_type=\"widget\" data-widget_type=\"icon-list.default\">\n\t\t\t\t<div class=\"elementor-widget-container\">\n\t\t\t\t\t\t\t<ul class=\"elementor-icon-list-items\">\n\t\t\t\t\t\t\t<li class=\"elementor-icon-list-item\">\n\t\t\t\t\t\t\t\t\t\t\t<span class=\"elementor-icon-list-icon\">\n\t\t\t\t\t\t\t<i aria-hidden=\"true\" class=\"bi bi-check-circle-fill\"><\/i>\t\t\t\t\t\t<\/span>\n\t\t\t\t\t\t\t\t\t\t<span class=\"elementor-icon-list-text\">Impulsamos negocios y facilitamos inversiones en mercados internacionales.<\/span>\n\t\t\t\t\t\t\t\t\t<\/li>\n\t\t\t\t\t\t\t\t<li class=\"elementor-icon-list-item\">\n\t\t\t\t\t\t\t\t\t\t\t<span class=\"elementor-icon-list-icon\">\n\t\t\t\t\t\t\t<i aria-hidden=\"true\" class=\"bi bi-check-circle-fill\"><\/i>\t\t\t\t\t\t<\/span>\n\t\t\t\t\t\t\t\t\t\t<span class=\"elementor-icon-list-text\">Conectamos l\u00edderes empresariales con oportunidades estrat\u00e9gicas clave.<\/span>\n\t\t\t\t\t\t\t\t\t<\/li>\n\t\t\t\t\t\t<\/ul>\n\t\t\t\t\t\t<\/div>\n\t\t\t\t<\/div>\n\t\t\t\t<div class=\"elementor-element elementor-element-9f59b9f elementor-widget elementor-widget-calfin_button\" data-id=\"9f59b9f\" data-element_type=\"widget\" data-widget_type=\"calfin_button.default\">\n\t\t\t\t<div class=\"elementor-widget-container\">\n\t\t\t\t\t        <div class=\"calfin-button-wrapper\">\n            <div class=\"calfin-button\">\n                                <a  href=\"#contacto\" target=\"_blank\" rel=\"nofollow\" class=\"theme-btns\">Cont\u00e1ctanos<\/a>\n            <\/div>\n        <\/div>\n        \t\t\t\t<\/div>\n\t\t\t\t<\/div>\n\t\t\t\t<\/div>\n\t\t\t\t<\/div>\n\t\t<div class=\"elementor-element elementor-element-6b5dbbb2 e-flex e-con-boxed e-con e-parent\" data-id=\"6b5dbbb2\" data-element_type=\"container\" data-settings=\"{&quot;background_background&quot;:&quot;classic&quot;,&quot;shape_divider_top&quot;:&quot;mountains&quot;,&quot;shape_divider_bottom&quot;:&quot;mountains&quot;}\">\n\t\t\t\t\t<div class=\"e-con-inner\">\n\t\t\t\t<div class=\"elementor-shape elementor-shape-top\" aria-hidden=\"true\" data-negative=\"false\">\n\t\t\t<svg xmlns=\"http:\/\/www.w3.org\/2000\/svg\" viewbox=\"0 0 1000 100\" preserveaspectratio=\"none\">\n\t<path class=\"elementor-shape-fill\" opacity=\"0.33\" d=\"M473,67.3c-203.9,88.3-263.1-34-320.3,0C66,119.1,0,59.7,0,59.7V0h1000v59.7 c0,0-62.1,26.1-94.9,29.3c-32.8,3.3-62.8-12.3-75.8-22.1C806,49.6,745.3,8.7,694.9,4.7S492.4,59,473,67.3z\"\/>\n\t<path class=\"elementor-shape-fill\" opacity=\"0.66\" d=\"M734,67.3c-45.5,0-77.2-23.2-129.1-39.1c-28.6-8.7-150.3-10.1-254,39.1 s-91.7-34.4-149.2,0C115.7,118.3,0,39.8,0,39.8V0h1000v36.5c0,0-28.2-18.5-92.1-18.5C810.2,18.1,775.7,67.3,734,67.3z\"\/>\n\t<path class=\"elementor-shape-fill\" d=\"M766.1,28.9c-200-57.5-266,65.5-395.1,19.5C242,1.8,242,5.4,184.8,20.6C128,35.8,132.3,44.9,89.9,52.5C28.6,63.7,0,0,0,0 h1000c0,0-9.9,40.9-83.6,48.1S829.6,47,766.1,28.9z\"\/>\n<\/svg>\t\t<\/div>\n\t\t\t\t<div class=\"elementor-shape elementor-shape-bottom\" aria-hidden=\"true\" data-negative=\"false\">\n\t\t\t<svg xmlns=\"http:\/\/www.w3.org\/2000\/svg\" viewbox=\"0 0 1000 100\" preserveaspectratio=\"none\">\n\t<path class=\"elementor-shape-fill\" opacity=\"0.33\" d=\"M473,67.3c-203.9,88.3-263.1-34-320.3,0C66,119.1,0,59.7,0,59.7V0h1000v59.7 c0,0-62.1,26.1-94.9,29.3c-32.8,3.3-62.8-12.3-75.8-22.1C806,49.6,745.3,8.7,694.9,4.7S492.4,59,473,67.3z\"\/>\n\t<path class=\"elementor-shape-fill\" opacity=\"0.66\" d=\"M734,67.3c-45.5,0-77.2-23.2-129.1-39.1c-28.6-8.7-150.3-10.1-254,39.1 s-91.7-34.4-149.2,0C115.7,118.3,0,39.8,0,39.8V0h1000v36.5c0,0-28.2-18.5-92.1-18.5C810.2,18.1,775.7,67.3,734,67.3z\"\/>\n\t<path class=\"elementor-shape-fill\" d=\"M766.1,28.9c-200-57.5-266,65.5-395.1,19.5C242,1.8,242,5.4,184.8,20.6C128,35.8,132.3,44.9,89.9,52.5C28.6,63.7,0,0,0,0 h1000c0,0-9.9,40.9-83.6,48.1S829.6,47,766.1,28.9z\"\/>\n<\/svg>\t\t<\/div>\n\t\t\t\t<div class=\"elementor-element elementor-element-4d622861 elementor-widget elementor-widget-calfin_title\" data-id=\"4d622861\" data-element_type=\"widget\" data-widget_type=\"calfin_title.default\">\n\t\t\t\t<div class=\"elementor-widget-container\">\n\t\t\t\t\t        <div class=\"calfin-section-title-wrapper\">\n            <div class=\"calfin_title_item\">\n                <div class=\"calfin-section-title\">\n                    <h6 class=\"calfin-section-stitle\">\n                        <span>SELECIONE SEU PLANO<\/span><\/h6>                    <h2 class=\"calfin-t-title\">\n                        Desfrute dos benef\u00edcios                        <span class=\"highlight-heading\"><\/span>\n                    <\/h2>\n                <\/div>\n                            <\/div>\n        <\/div>\n        \t\t\t\t<\/div>\n\t\t\t\t<\/div>\n\t\t\t\t<div class=\"elementor-element elementor-element-737edc97 elementor-widget__width-inherit elementor-widget elementor-widget-price-table\" data-id=\"737edc97\" data-element_type=\"widget\" data-widget_type=\"price-table.default\">\n\t\t\t\t<div class=\"elementor-widget-container\">\n\t\t\t\t\t\n\t\t<div class=\"elementor-price-table\">\n\t\t\t\t\t\t\t<div class=\"elementor-price-table__header\">\n\t\t\t\t\t\t\t\t\t\t\t<h2 class=\"elementor-price-table__heading\">\n\t\t\t\t\t\tASSOCIA\u00c7\u00c3O ANUAL\t\t\t\t\t\t<\/h2>\n\t\t\t\t\t\n\t\t\t\t\t\t\t\t\t\t\t<span class=\"elementor-price-table__subheading\">\n\t\t\t\t\t\t\tPrecio especial para  los 200 primeros miembros\t\t\t\t\t\t<\/span>\n\t\t\t\t\t\t\t\t\t<\/div>\n\t\t\t\n\t\t\t<div class=\"elementor-price-table__price\">\n\t\t\t\t\t\t\t\t\t<div class=\"elementor-price-table__original-price elementor-typo-excluded\">\n\t\t\t\t\t\t1800<span class=\"elementor-price-table__currency\">&#036;<\/span>\t\t\t\t\t<\/div>\n\t\t\t\t\t\t\t\t\t\t\t\t\t\t\t\t\t<span class=\"elementor-price-table__integer-part\">\n\t\t\t\t\t\t500\t\t\t\t\t<\/span>\n\t\t\t\t\n\t\t\t\t\n\t\t\t\t<span class=\"elementor-price-table__currency\">&#036;<\/span>\n\t\t\t\t\t\t\t\t\t<span class=\"elementor-price-table__period elementor-typo-excluded\">Anual<\/span>\t\t\t\t\t\t\t<\/div>\n\n\t\t\t\t\t\t\t<ul class=\"elementor-price-table__features-list\">\n\t\t\t\t\t\t\t\t\t\t\t<li class=\"elementor-repeater-item-2d3c906\">\n\t\t\t\t\t\t\t<div class=\"elementor-price-table__feature-inner\">\n\t\t\t\t\t\t\t\t<i aria-hidden=\"true\" class=\"fas fa-check\"><\/i>\t\t\t\t\t\t\t\t\t\t\t\t\t\t\t\t\t<span >\n\t\t\t\t\t\t\t\t\t\tAssessoria e Servi\u00e7os Especializados\t\t\t\t\t\t\t\t\t<\/span>\n\t\t\t\t\t\t\t\t\t\t\t\t\t\t\t\t<\/div>\n\t\t\t\t\t\t<\/li>\n\t\t\t\t\t\t\t\t\t\t\t<li class=\"elementor-repeater-item-3cef295\">\n\t\t\t\t\t\t\t<div class=\"elementor-price-table__feature-inner\">\n\t\t\t\t\t\t\t\t<i aria-hidden=\"true\" class=\"fas fa-check\"><\/i>\t\t\t\t\t\t\t\t\t\t\t\t\t\t\t\t\t<span >\n\t\t\t\t\t\t\t\t\t\tPromo\u00e7\u00e3o e Visibilidade a N\u00edvel Global\t\t\t\t\t\t\t\t\t<\/span>\n\t\t\t\t\t\t\t\t\t\t\t\t\t\t\t\t<\/div>\n\t\t\t\t\t\t<\/li>\n\t\t\t\t\t\t\t\t\t\t\t<li class=\"elementor-repeater-item-4926f92\">\n\t\t\t\t\t\t\t<div class=\"elementor-price-table__feature-inner\">\n\t\t\t\t\t\t\t\t<i aria-hidden=\"true\" class=\"fas fa-check\"><\/i>\t\t\t\t\t\t\t\t\t\t\t\t\t\t\t\t\t<span >\n\t\t\t\t\t\t\t\t\t\tNetworking e Oportunidades Comerciais\t\t\t\t\t\t\t\t\t<\/span>\n\t\t\t\t\t\t\t\t\t\t\t\t\t\t\t\t<\/div>\n\t\t\t\t\t\t<\/li>\n\t\t\t\t\t\t\t\t\t\t\t<li class=\"elementor-repeater-item-6da46df\">\n\t\t\t\t\t\t\t<div class=\"elementor-price-table__feature-inner\">\n\t\t\t\t\t\t\t\t<i aria-hidden=\"true\" class=\"fas fa-check\"><\/i>\t\t\t\t\t\t\t\t\t\t\t\t\t\t\t\t\t<span >\n\t\t\t\t\t\t\t\t\t\tPlataformas Digitais e Ferramentas\t\t\t\t\t\t\t\t\t<\/span>\n\t\t\t\t\t\t\t\t\t\t\t\t\t\t\t\t<\/div>\n\t\t\t\t\t\t<\/li>\n\t\t\t\t\t\t\t\t\t\t\t<li class=\"elementor-repeater-item-d946967\">\n\t\t\t\t\t\t\t<div class=\"elementor-price-table__feature-inner\">\n\t\t\t\t\t\t\t\t<i aria-hidden=\"true\" class=\"fas fa-check\"><\/i>\t\t\t\t\t\t\t\t\t\t\t\t\t\t\t\t\t<span >\n\t\t\t\t\t\t\t\t\t\tCertifica\u00e7\u00f5es Internacionais\t\t\t\t\t\t\t\t\t<\/span>\n\t\t\t\t\t\t\t\t\t\t\t\t\t\t\t\t<\/div>\n\t\t\t\t\t\t<\/li>\n\t\t\t\t\t\t\t\t\t<\/ul>\n\t\t\t\n\t\t\t\t\t\t\t<div class=\"elementor-price-table__footer\">\n\t\t\t\t\t\t\t\t\t\t\t<a class=\"elementor-price-table__button elementor-button elementor-size-lg elementor-animation-grow\" href=\"https:\/\/ccmercosur.com.pa\/pt\/checkout\/?add-to-cart=16441\">\n\t\t\t\t\t\t\tASSINE AGORA!\t\t\t\t\t\t<\/a>\n\t\t\t\t\t\n\t\t\t\t\t\t\t\t\t<\/div>\n\t\t\t\t\t<\/div>\n\n\t\t\t\t\t<div class=\"elementor-ribbon\">\n\t\t\t\t<div class=\"elementor-ribbon-inner\">\n\t\t\t\t\tDescuento\t\t\t\t<\/div>\n\t\t\t<\/div>\n\t\t\t\t\t\t\t<\/div>\n\t\t\t\t<\/div>\n\t\t\t\t\t<\/div>\n\t\t\t\t<\/div>\n\t\t\t\t<\/div>","protected":false},"excerpt":{"rendered":"<p>Networking Generamos espacios exclusivos para establecer v\u00ednculos con l\u00edderes empresariales, organismos internacionales y actores clave. Promoci\u00f3n y Marketing Posicionamos a las organizaciones en medios estrat\u00e9gicos, plataformas internacionales y eventos comerciales de alto nivel. Sistemas Digitales Brindamos acceso a herramientas tecnol\u00f3gicas, programas de formaci\u00f3n ejecutiva y certificaciones internacionales. Expertise Global Aportamos experiencia y visi\u00f3n estrat\u00e9gica para [&hellip;]<\/p>","protected":false},"author":1,"featured_media":0,"parent":0,"menu_order":0,"comment_status":"closed","ping_status":"closed","template":"","meta":{"pmpro_default_level":"","footnotes":""},"class_list":["post-16409","page","type-page","status-publish","hentry","pmpro-has-access"],"jetpack_sharing_enabled":true,"_links":{"self":[{"href":"https:\/\/ccmercosur.com.pa\/pt\/wp-json\/wp\/v2\/pages\/16409","targetHints":{"allow":["GET"]}}],"collection":[{"href":"https:\/\/ccmercosur.com.pa\/pt\/wp-json\/wp\/v2\/pages"}],"about":[{"href":"https:\/\/ccmercosur.com.pa\/pt\/wp-json\/wp\/v2\/types\/page"}],"author":[{"embeddable":true,"href":"https:\/\/ccmercosur.com.pa\/pt\/wp-json\/wp\/v2\/users\/1"}],"replies":[{"embeddable":true,"href":"https:\/\/ccmercosur.com.pa\/pt\/wp-json\/wp\/v2\/comments?post=16409"}],"version-history":[{"count":15,"href":"https:\/\/ccmercosur.com.pa\/pt\/wp-json\/wp\/v2\/pages\/16409\/revisions"}],"predecessor-version":[{"id":16681,"href":"https:\/\/ccmercosur.com.pa\/pt\/wp-json\/wp\/v2\/pages\/16409\/revisions\/16681"}],"wp:attachment":[{"href":"https:\/\/ccmercosur.com.pa\/pt\/wp-json\/wp\/v2\/media?parent=16409"}],"curies":[{"name":"wp","href":"https:\/\/api.w.org\/{rel}","templated":true}]}}